{"id":72,"date":"2026-01-06T20:24:26","date_gmt":"2026-01-06T20:24:26","guid":{"rendered":"https:\/\/ssgroupsas.com\/?page_id=72"},"modified":"2026-01-15T18:16:44","modified_gmt":"2026-01-15T18:16:44","slug":"productos","status":"publish","type":"page","link":"https:\/\/ssgroupsas.com\/en\/productos\/","title":{"rendered":"Products"},"content":{"rendered":"<section class=\"wp-block-group alignfull gd-section-wrapper is-layout-constrained wp-block-group-is-layout-constrained\">\n<div class=\"wp-block-group is-layout-grid wp-container-core-group-is-layout-cf1406a5 wp-block-group-is-layout-grid\">\n<div class=\"wp-block-group has-border-color has-primary-text-border-color wp-container-content-c9e2bd16 is-layout-flow wp-block-group-is-layout-flow\" style=\"border-width:1px;border-radius:8px\">\n<figure class=\"wp-block-image aligncenter size-full is-resized has-custom-border image-radius\"><img loading=\"lazy\" decoding=\"async\" width=\"1024\" height=\"768\" src=\"https:\/\/ssgroupsas.com\/wp-content\/uploads\/2026\/01\/Fibra-002-2.jpg\" alt=\"\" class=\"wp-image-295\" style=\"border-radius:8px 8px 0 0;aspect-ratio:3\/2;object-fit:cover;width:100%\" srcset=\"https:\/\/ssgroupsas.com\/wp-content\/uploads\/2026\/01\/Fibra-002-2.jpg 1024w, https:\/\/ssgroupsas.com\/wp-content\/uploads\/2026\/01\/Fibra-002-2-300x225.jpg 300w, https:\/\/ssgroupsas.com\/wp-content\/uploads\/2026\/01\/Fibra-002-2-768x576.jpg 768w\" sizes=\"auto, (max-width: 1024px) 100vw, 1024px\" \/><\/figure>\n\n\n\n<div class=\"wp-block-group is-layout-constrained wp-container-core-group-is-layout-cc5218b1 wp-block-group-is-layout-constrained\" style=\"border-radius:0px;padding-top:var(--wp--preset--spacing--20);padding-right:var(--wp--preset--spacing--30);padding-bottom:var(--wp--preset--spacing--20);padding-left:var(--wp--preset--spacing--30)\">\n<h4 class=\"wp-block-heading has-text-align-center\">RECOVERED FIBERS<\/h4>\n\n\n\n<p class=\"has-text-align-left has-small-font-size\" style=\"padding-bottom:var(--wp--preset--spacing--20)\">Noil de&nbsp;Algod\u00f3n&nbsp;Peinado, PSF \u2013 Fibras Cortas de Poli\u00e9ster Reciclado y Celulosa Recuperada Fluff Pulp.<\/p>\n\n\n\n<div class=\"wp-block-buttons is-content-justification-center is-layout-flex wp-container-core-buttons-is-layout-a89b3969 wp-block-buttons-is-layout-flex\">\n<div class=\"wp-block-button\"><a class=\"wp-block-button__link wp-element-button\" href=\"https:\/\/ssgroupsas.com\/en\/fibras-recuperadas\/\">Discover Our Products \u2192<\/a><\/div>\n<\/div>\n<\/div>\n<\/div>\n\n\n\n<div class=\"wp-block-group has-border-color has-primary-text-border-color wp-container-content-c9e2bd16 is-layout-flow wp-block-group-is-layout-flow\" style=\"border-width:1px;border-radius:8px\">\n<figure class=\"wp-block-image aligncenter size-full is-resized has-custom-border image-radius\"><img loading=\"lazy\" decoding=\"async\" width=\"1024\" height=\"1024\" src=\"https:\/\/ssgroupsas.com\/wp-content\/uploads\/2026\/01\/Additivos-Plasticos.png\" alt=\"\" class=\"wp-image-307\" style=\"border-radius:8px 8px 0 0;aspect-ratio:3\/2;object-fit:cover;width:100%\" srcset=\"https:\/\/ssgroupsas.com\/wp-content\/uploads\/2026\/01\/Additivos-Plasticos.png 1024w, https:\/\/ssgroupsas.com\/wp-content\/uploads\/2026\/01\/Additivos-Plasticos-300x300.png 300w, https:\/\/ssgroupsas.com\/wp-content\/uploads\/2026\/01\/Additivos-Plasticos-150x150.png 150w, https:\/\/ssgroupsas.com\/wp-content\/uploads\/2026\/01\/Additivos-Plasticos-768x768.png 768w\" sizes=\"auto, (max-width: 1024px) 100vw, 1024px\" \/><\/figure>\n\n\n\n<div class=\"wp-block-group is-layout-constrained wp-container-core-group-is-layout-cc5218b1 wp-block-group-is-layout-constrained\" style=\"border-radius:0px;padding-top:var(--wp--preset--spacing--20);padding-right:var(--wp--preset--spacing--30);padding-bottom:var(--wp--preset--spacing--20);padding-left:var(--wp--preset--spacing--30)\">\n<h4 class=\"wp-block-heading has-text-align-center\">PLASTIC ADDITIVES<\/h4>\n\n\n\n<p class=\"has-text-align-left has-small-font-size\" style=\"padding-bottom:var(--wp--preset--spacing--20);font-size:50px\">Additives.<\/p>\n<\/div>\n\n\n\n<div class=\"wp-block-buttons is-content-justification-center is-layout-flex wp-container-core-buttons-is-layout-a89b3969 wp-block-buttons-is-layout-flex\">\n<div class=\"wp-block-button\"><a class=\"wp-block-button__link wp-element-button\" href=\"https:\/\/ssgroupsas.com\/en\/plasticos\/\">Discover Our Products \u2192<\/a><\/div>\n<\/div>\n<\/div>\n\n\n\n<div class=\"wp-block-group has-border-color has-primary-text-border-color wp-container-content-c9e2bd16 is-layout-flow wp-block-group-is-layout-flow\" style=\"border-width:1px;border-radius:8px\">\n<figure class=\"wp-block-image aligncenter size-large is-resized has-custom-border image-radius\"><img loading=\"lazy\" decoding=\"async\" width=\"1024\" height=\"683\" src=\"https:\/\/ssgroupsas.com\/wp-content\/uploads\/2026\/01\/Foto-Petroluem-and-coal-1024x683.png\" alt=\"\" class=\"wp-image-308\" style=\"border-radius:8px 8px 0 0;aspect-ratio:3\/2;object-fit:cover;width:100%\" srcset=\"https:\/\/ssgroupsas.com\/wp-content\/uploads\/2026\/01\/Foto-Petroluem-and-coal-1024x683.png 1024w, https:\/\/ssgroupsas.com\/wp-content\/uploads\/2026\/01\/Foto-Petroluem-and-coal-300x200.png 300w, https:\/\/ssgroupsas.com\/wp-content\/uploads\/2026\/01\/Foto-Petroluem-and-coal-768x512.png 768w, https:\/\/ssgroupsas.com\/wp-content\/uploads\/2026\/01\/Foto-Petroluem-and-coal.png 1536w\" sizes=\"auto, (max-width: 1024px) 100vw, 1024px\" \/><\/figure>\n\n\n\n<div class=\"wp-block-group is-layout-constrained wp-container-core-group-is-layout-cc5218b1 wp-block-group-is-layout-constrained\" style=\"border-radius:0px;padding-top:var(--wp--preset--spacing--20);padding-right:var(--wp--preset--spacing--30);padding-bottom:var(--wp--preset--spacing--20);padding-left:var(--wp--preset--spacing--30)\">\n<h4 class=\"wp-block-heading has-text-align-center\">COMMODITIES<\/h4>\n\n\n\n<p class=\"has-text-align-left has-small-font-size\" style=\"padding-bottom:var(--wp--preset--spacing--20)\">Coal and Petroleum-Derived Products.<\/p>\n<\/div>\n\n\n\n<div class=\"wp-block-buttons is-content-justification-center is-layout-flex wp-container-core-buttons-is-layout-a89b3969 wp-block-buttons-is-layout-flex\">\n<div class=\"wp-block-button\"><a class=\"wp-block-button__link wp-element-button\" href=\"https:\/\/ssgroupsas.com\/en\/commodities\/\">Discover Our Products \u2192<\/a><\/div>\n<\/div>\n<\/div>\n<\/div>\n<\/section>\n\n\n\n<p><\/p>\n\n\n\n<h2 class=\"wp-block-heading has-text-align-center\">Request Products<\/h2>\n\n\n\n<p class=\"has-text-align-center translation-block\">We offer products to supply your operations in a secure and efficient manner. Contact us to learn about available formats, volumes, and supply conditions<\/p>\n\n\n\n<div class=\"wp-block-buttons is-content-justification-center is-layout-flex wp-container-core-buttons-is-layout-a89b3969 wp-block-buttons-is-layout-flex\">\n<div class=\"wp-block-button\"><a class=\"wp-block-button__link has-text-align-center wp-element-button\" href=\"https:\/\/ssgroupsas.com\/en\/contacto\/\">Request Products \u2192<\/a><\/div>\n<\/div>\n\n\n\n<p><\/p>","protected":false},"excerpt":{"rendered":"<p>FIBRAS RECUPERADAS Noil de&nbsp;Algod\u00f3n&nbsp;Peinado, PSF \u2013 Fibras Cortas de Poli\u00e9ster Reciclado y Celulosa Recuperada Fluff Pulp. ADITIVOS PL\u00c1STICOS Aditivos. COMMODITIES [&hellip;]<\/p>\n","protected":false},"author":1,"featured_media":0,"parent":0,"menu_order":0,"comment_status":"closed","ping_status":"closed","template":"","meta":{"_coblocks_attr":"","_coblocks_dimensions":"","_coblocks_responsive_height":"","_coblocks_accordion_ie_support":"","_uag_custom_page_level_css":"","site-sidebar-layout":"default","site-content-layout":"","ast-site-content-layout":"default","site-content-style":"default","site-sidebar-style":"default","ast-global-header-display":"","ast-banner-title-visibility":"","ast-main-header-display":"","ast-hfb-above-header-display":"","ast-hfb-below-header-display":"","ast-hfb-mobile-header-display":"","site-post-title":"","ast-breadcrumbs-content":"","ast-featured-img":"","footer-sml-layout":"","ast-disable-related-posts":"","theme-transparent-header-meta":"","adv-header-id-meta":"","stick-header-meta":"","header-above-stick-meta":"","header-main-stick-meta":"","header-below-stick-meta":"","astra-migrate-meta-layouts":"default","ast-page-background-enabled":"default","ast-page-background-meta":{"desktop":{"background-color":"var(--ast-global-color-5)","background-image":"","background-repeat":"repeat","background-position":"center center","background-size":"auto","background-attachment":"scroll","background-type":"","background-media":"","overlay-type":"","overlay-color":"","overlay-opacity":"","overlay-gradient":""},"tablet":{"background-color":"","background-image":"","background-repeat":"repeat","background-position":"center center","background-size":"auto","background-attachment":"scroll","background-type":"","background-media":"","overlay-type":"","overlay-color":"","overlay-opacity":"","overlay-gradient":""},"mobile":{"background-color":"","background-image":"","background-repeat":"repeat","background-position":"center center","background-size":"auto","background-attachment":"scroll","background-type":"","background-media":"","overlay-type":"","overlay-color":"","overlay-opacity":"","overlay-gradient":""}},"ast-content-background-meta":{"desktop":{"background-color":"var(--ast-global-color-4)","background-image":"","background-repeat":"repeat","background-position":"center center","background-size":"auto","background-attachment":"scroll","background-type":"","background-media":"","overlay-type":"","overlay-color":"","overlay-opacity":"","overlay-gradient":""},"tablet":{"background-color":"var(--ast-global-color-4)","background-image":"","background-repeat":"repeat","background-position":"center center","background-size":"auto","background-attachment":"scroll","background-type":"","background-media":"","overlay-type":"","overlay-color":"","overlay-opacity":"","overlay-gradient":""},"mobile":{"background-color":"var(--ast-global-color-4)","background-image":"","background-repeat":"repeat","background-position":"center center","background-size":"auto","background-attachment":"scroll","background-type":"","background-media":"","overlay-type":"","overlay-color":"","overlay-opacity":"","overlay-gradient":""}},"footnotes":""},"class_list":["post-72","page","type-page","status-publish","hentry"],"yoast_head":"<!-- This site is optimized with the Yoast SEO plugin v27.5 - https:\/\/yoast.com\/product\/yoast-seo-wordpress\/ -->\n<title>Empresa de comercio internacional de materias primas | S&amp;S Group<\/title>\n<meta name=\"description\" content=\"Disponemos de productos para abastecer su operaci\u00f3n de manera segura y eficiente. Cont\u00e1ctenos para conocer presentaciones, vol\u00famenes y condiciones de suministro.\" \/>\n<meta name=\"robots\" content=\"index, follow, max-snippet:-1, max-image-preview:large, max-video-preview:-1\" \/>\n<link rel=\"canonical\" href=\"https:\/\/ssgroupsas.com\/en\/productos\/\" \/>\n<meta property=\"og:locale\" content=\"en_US\" \/>\n<meta property=\"og:type\" content=\"article\" \/>\n<meta property=\"og:title\" content=\"Empresa de comercio internacional de materias primas | S&amp;S Group\" \/>\n<meta property=\"og:description\" content=\"Disponemos de productos para abastecer su operaci\u00f3n de manera segura y eficiente. Cont\u00e1ctenos para conocer presentaciones, vol\u00famenes y condiciones de suministro.\" \/>\n<meta property=\"og:url\" content=\"https:\/\/ssgroupsas.com\/en\/productos\/\" \/>\n<meta property=\"og:site_name\" content=\"S &amp; S GROUP\" \/>\n<meta property=\"article:modified_time\" content=\"2026-01-15T18:16:44+00:00\" \/>\n<meta property=\"og:image\" content=\"https:\/\/ssgroupsas.com\/wp-content\/uploads\/2026\/01\/Fibra-002-2.jpg\" \/>\n\t<meta property=\"og:image:width\" content=\"1024\" \/>\n\t<meta property=\"og:image:height\" content=\"768\" \/>\n\t<meta property=\"og:image:type\" content=\"image\/jpeg\" \/>\n<meta name=\"twitter:card\" content=\"summary_large_image\" \/>\n<meta name=\"twitter:label1\" content=\"Est. reading time\" \/>\n\t<meta name=\"twitter:data1\" content=\"1 minute\" \/>\n<script type=\"application\/ld+json\" class=\"yoast-schema-graph\">{\"@context\":\"https:\\\/\\\/schema.org\",\"@graph\":[{\"@type\":\"WebPage\",\"@id\":\"https:\\\/\\\/ssgroupsas.com\\\/productos\\\/\",\"url\":\"https:\\\/\\\/ssgroupsas.com\\\/productos\\\/\",\"name\":\"Empresa de comercio internacional de materias primas | S&S Group\",\"isPartOf\":{\"@id\":\"https:\\\/\\\/ssgroupsas.com\\\/#website\"},\"primaryImageOfPage\":{\"@id\":\"https:\\\/\\\/ssgroupsas.com\\\/productos\\\/#primaryimage\"},\"image\":{\"@id\":\"https:\\\/\\\/ssgroupsas.com\\\/productos\\\/#primaryimage\"},\"thumbnailUrl\":\"https:\\\/\\\/ssgroupsas.com\\\/wp-content\\\/uploads\\\/2026\\\/01\\\/Fibra-002-2.jpg\",\"datePublished\":\"2026-01-06T20:24:26+00:00\",\"dateModified\":\"2026-01-15T18:16:44+00:00\",\"description\":\"Disponemos de productos para abastecer su operaci\u00f3n de manera segura y eficiente. Cont\u00e1ctenos para conocer presentaciones, vol\u00famenes y condiciones de suministro.\",\"breadcrumb\":{\"@id\":\"https:\\\/\\\/ssgroupsas.com\\\/productos\\\/#breadcrumb\"},\"inLanguage\":\"en-US\",\"potentialAction\":[{\"@type\":\"ReadAction\",\"target\":[\"https:\\\/\\\/ssgroupsas.com\\\/productos\\\/\"]}]},{\"@type\":\"ImageObject\",\"inLanguage\":\"en-US\",\"@id\":\"https:\\\/\\\/ssgroupsas.com\\\/productos\\\/#primaryimage\",\"url\":\"https:\\\/\\\/ssgroupsas.com\\\/wp-content\\\/uploads\\\/2026\\\/01\\\/Fibra-002-2.jpg\",\"contentUrl\":\"https:\\\/\\\/ssgroupsas.com\\\/wp-content\\\/uploads\\\/2026\\\/01\\\/Fibra-002-2.jpg\"},{\"@type\":\"BreadcrumbList\",\"@id\":\"https:\\\/\\\/ssgroupsas.com\\\/productos\\\/#breadcrumb\",\"itemListElement\":[{\"@type\":\"ListItem\",\"position\":1,\"name\":\"Home\",\"item\":\"https:\\\/\\\/ssgroupsas.com\\\/\"},{\"@type\":\"ListItem\",\"position\":2,\"name\":\"Productos\"}]},{\"@type\":\"WebSite\",\"@id\":\"https:\\\/\\\/ssgroupsas.com\\\/#website\",\"url\":\"https:\\\/\\\/ssgroupsas.com\\\/\",\"name\":\"S & S GROUP\",\"description\":\"\",\"publisher\":{\"@id\":\"https:\\\/\\\/ssgroupsas.com\\\/#organization\"},\"potentialAction\":[{\"@type\":\"SearchAction\",\"target\":{\"@type\":\"EntryPoint\",\"urlTemplate\":\"https:\\\/\\\/ssgroupsas.com\\\/?s={search_term_string}\"},\"query-input\":{\"@type\":\"PropertyValueSpecification\",\"valueRequired\":true,\"valueName\":\"search_term_string\"}}],\"inLanguage\":\"en-US\"},{\"@type\":\"Organization\",\"@id\":\"https:\\\/\\\/ssgroupsas.com\\\/#organization\",\"name\":\"S & S GROUP\",\"url\":\"https:\\\/\\\/ssgroupsas.com\\\/\",\"logo\":{\"@type\":\"ImageObject\",\"inLanguage\":\"en-US\",\"@id\":\"https:\\\/\\\/ssgroupsas.com\\\/#\\\/schema\\\/logo\\\/image\\\/\",\"url\":\"https:\\\/\\\/ssgroupsas.com\\\/wp-content\\\/uploads\\\/2026\\\/01\\\/cropped-Captura-de-pantalla-2026-01-06-a-las-2.16.00-p.m.png\",\"contentUrl\":\"https:\\\/\\\/ssgroupsas.com\\\/wp-content\\\/uploads\\\/2026\\\/01\\\/cropped-Captura-de-pantalla-2026-01-06-a-las-2.16.00-p.m.png\",\"width\":1132,\"height\":1114,\"caption\":\"S & S GROUP\"},\"image\":{\"@id\":\"https:\\\/\\\/ssgroupsas.com\\\/#\\\/schema\\\/logo\\\/image\\\/\"}}]}<\/script>\n<!-- \/ Yoast SEO plugin. -->","yoast_head_json":{"title":"Empresa de comercio internacional de materias primas | S&S Group","description":"Disponemos de productos para abastecer su operaci\u00f3n de manera segura y eficiente. Cont\u00e1ctenos para conocer presentaciones, vol\u00famenes y condiciones de suministro.","robots":{"index":"index","follow":"follow","max-snippet":"max-snippet:-1","max-image-preview":"max-image-preview:large","max-video-preview":"max-video-preview:-1"},"canonical":"https:\/\/ssgroupsas.com\/en\/productos\/","og_locale":"en_US","og_type":"article","og_title":"Empresa de comercio internacional de materias primas | S&S Group","og_description":"Disponemos de productos para abastecer su operaci\u00f3n de manera segura y eficiente. Cont\u00e1ctenos para conocer presentaciones, vol\u00famenes y condiciones de suministro.","og_url":"https:\/\/ssgroupsas.com\/en\/productos\/","og_site_name":"S &amp; S GROUP","article_modified_time":"2026-01-15T18:16:44+00:00","og_image":[{"width":1024,"height":768,"url":"https:\/\/ssgroupsas.com\/wp-content\/uploads\/2026\/01\/Fibra-002-2.jpg","type":"image\/jpeg"}],"twitter_card":"summary_large_image","twitter_misc":{"Est. reading time":"1 minute"},"schema":{"@context":"https:\/\/schema.org","@graph":[{"@type":"WebPage","@id":"https:\/\/ssgroupsas.com\/productos\/","url":"https:\/\/ssgroupsas.com\/productos\/","name":"Empresa de comercio internacional de materias primas | S&S Group","isPartOf":{"@id":"https:\/\/ssgroupsas.com\/#website"},"primaryImageOfPage":{"@id":"https:\/\/ssgroupsas.com\/productos\/#primaryimage"},"image":{"@id":"https:\/\/ssgroupsas.com\/productos\/#primaryimage"},"thumbnailUrl":"https:\/\/ssgroupsas.com\/wp-content\/uploads\/2026\/01\/Fibra-002-2.jpg","datePublished":"2026-01-06T20:24:26+00:00","dateModified":"2026-01-15T18:16:44+00:00","description":"Disponemos de productos para abastecer su operaci\u00f3n de manera segura y eficiente. Cont\u00e1ctenos para conocer presentaciones, vol\u00famenes y condiciones de suministro.","breadcrumb":{"@id":"https:\/\/ssgroupsas.com\/productos\/#breadcrumb"},"inLanguage":"en-US","potentialAction":[{"@type":"ReadAction","target":["https:\/\/ssgroupsas.com\/productos\/"]}]},{"@type":"ImageObject","inLanguage":"en-US","@id":"https:\/\/ssgroupsas.com\/productos\/#primaryimage","url":"https:\/\/ssgroupsas.com\/wp-content\/uploads\/2026\/01\/Fibra-002-2.jpg","contentUrl":"https:\/\/ssgroupsas.com\/wp-content\/uploads\/2026\/01\/Fibra-002-2.jpg"},{"@type":"BreadcrumbList","@id":"https:\/\/ssgroupsas.com\/productos\/#breadcrumb","itemListElement":[{"@type":"ListItem","position":1,"name":"Home","item":"https:\/\/ssgroupsas.com\/"},{"@type":"ListItem","position":2,"name":"Productos"}]},{"@type":"WebSite","@id":"https:\/\/ssgroupsas.com\/#website","url":"https:\/\/ssgroupsas.com\/","name":"S & S GROUP","description":"","publisher":{"@id":"https:\/\/ssgroupsas.com\/#organization"},"potentialAction":[{"@type":"SearchAction","target":{"@type":"EntryPoint","urlTemplate":"https:\/\/ssgroupsas.com\/?s={search_term_string}"},"query-input":{"@type":"PropertyValueSpecification","valueRequired":true,"valueName":"search_term_string"}}],"inLanguage":"en-US"},{"@type":"Organization","@id":"https:\/\/ssgroupsas.com\/#organization","name":"S & S GROUP","url":"https:\/\/ssgroupsas.com\/","logo":{"@type":"ImageObject","inLanguage":"en-US","@id":"https:\/\/ssgroupsas.com\/#\/schema\/logo\/image\/","url":"https:\/\/ssgroupsas.com\/wp-content\/uploads\/2026\/01\/cropped-Captura-de-pantalla-2026-01-06-a-las-2.16.00-p.m.png","contentUrl":"https:\/\/ssgroupsas.com\/wp-content\/uploads\/2026\/01\/cropped-Captura-de-pantalla-2026-01-06-a-las-2.16.00-p.m.png","width":1132,"height":1114,"caption":"S & S GROUP"},"image":{"@id":"https:\/\/ssgroupsas.com\/#\/schema\/logo\/image\/"}}]}},"uagb_featured_image_src":{"full":false,"thumbnail":false,"medium":false,"medium_large":false,"large":false,"1536x1536":false,"2048x2048":false,"trp-custom-language-flag":false},"uagb_author_info":{"display_name":"SSGROUP","author_link":"https:\/\/ssgroupsas.com\/en\/author\/818017pwpadmin\/"},"uagb_comment_info":0,"uagb_excerpt":"FIBRAS RECUPERADAS Noil de&nbsp;Algod\u00f3n&nbsp;Peinado, PSF \u2013 Fibras Cortas de Poli\u00e9ster Reciclado y Celulosa Recuperada Fluff Pulp. ADITIVOS PL\u00c1STICOS Aditivos. COMMODITIES [&hellip;]","_links":{"self":[{"href":"https:\/\/ssgroupsas.com\/en\/wp-json\/wp\/v2\/pages\/72","targetHints":{"allow":["GET"]}}],"collection":[{"href":"https:\/\/ssgroupsas.com\/en\/wp-json\/wp\/v2\/pages"}],"about":[{"href":"https:\/\/ssgroupsas.com\/en\/wp-json\/wp\/v2\/types\/page"}],"author":[{"embeddable":true,"href":"https:\/\/ssgroupsas.com\/en\/wp-json\/wp\/v2\/users\/1"}],"replies":[{"embeddable":true,"href":"https:\/\/ssgroupsas.com\/en\/wp-json\/wp\/v2\/comments?post=72"}],"version-history":[{"count":53,"href":"https:\/\/ssgroupsas.com\/en\/wp-json\/wp\/v2\/pages\/72\/revisions"}],"predecessor-version":[{"id":470,"href":"https:\/\/ssgroupsas.com\/en\/wp-json\/wp\/v2\/pages\/72\/revisions\/470"}],"wp:attachment":[{"href":"https:\/\/ssgroupsas.com\/en\/wp-json\/wp\/v2\/media?parent=72"}],"curies":[{"name":"wp","href":"https:\/\/api.w.org\/{rel}","templated":true}]}}