{"id":33,"date":"2026-01-05T16:52:23","date_gmt":"2026-01-05T16:52:23","guid":{"rendered":"https:\/\/ssgroupsas.com\/sobre-nosotros\/"},"modified":"2026-01-14T20:02:55","modified_gmt":"2026-01-14T20:02:55","slug":"sobre-nosotros","status":"publish","type":"page","link":"https:\/\/ssgroupsas.com\/en\/sobre-nosotros\/","title":{"rendered":"About Us"},"content":{"rendered":"<h1 class=\"wp-block-heading has-text-align-center\"><br><strong>About Us<\/strong><\/h1>\n\n\n\n<div class=\"wp-block-group alignfull gd-section-wrapper is-layout-constrained wp-container-core-group-is-layout-e39c6dd5 wp-block-group-is-layout-constrained\" style=\"padding-top:var(--wp--preset--spacing--70);padding-bottom:var(--wp--preset--spacing--70)\">\n<div class=\"wp-block-columns is-layout-flex wp-container-core-columns-is-layout-49467cb3 wp-block-columns-is-layout-flex\" style=\"margin-top:var(--wp--preset--spacing--edge-space);margin-bottom:var(--wp--preset--spacing--edge-space)\">\n<div class=\"wp-block-column is-layout-flow wp-container-core-column-is-layout-bd0b0d68 wp-block-column-is-layout-flow\" style=\"padding-bottom:var(--wp--preset--spacing--50);flex-basis:50%\">\n<div class=\"wp-block-group is-content-justification-center is-layout-constrained wp-block-group-is-layout-constrained\">\n<figure class=\"wp-block-image aligncenter size-full is-resized\"><img loading=\"lazy\" decoding=\"async\" width=\"933\" height=\"1080\" src=\"https:\/\/ssgroupsas.com\/wp-content\/uploads\/2026\/01\/Logo-S-S-Group-S.A.S-PNG.png\" alt=\"\" class=\"wp-image-114\" style=\"width:485px;height:auto\" srcset=\"https:\/\/ssgroupsas.com\/wp-content\/uploads\/2026\/01\/Logo-S-S-Group-S.A.S-PNG.png 933w, https:\/\/ssgroupsas.com\/wp-content\/uploads\/2026\/01\/Logo-S-S-Group-S.A.S-PNG-259x300.png 259w, https:\/\/ssgroupsas.com\/wp-content\/uploads\/2026\/01\/Logo-S-S-Group-S.A.S-PNG-885x1024.png 885w, https:\/\/ssgroupsas.com\/wp-content\/uploads\/2026\/01\/Logo-S-S-Group-S.A.S-PNG-768x889.png 768w\" sizes=\"auto, (max-width: 933px) 100vw, 933px\" \/><\/figure>\n<\/div>\n<\/div>\n\n\n\n<div class=\"wp-block-column is-layout-flow wp-container-core-column-is-layout-e3d1c41b wp-block-column-is-layout-flow\">\n<p style=\"font-size:16px\">We are a Colombian company with more than 15 years of experience in international trade, specializing in the export of recycled raw materials and the development of sustainable solutions for various industrial sectors. <br><br>Since our founding in 2010, we have operated under principles of responsibility, compliance, and sustainability, focusing on the export of recycled plastics and recovered cellulose as part of our commitment to the circular economy and the efficient use of resources.<br><br>Throughout our evolution, we have expanded our portfolio to include the commercialization and marketing of additives for the plastics industry, as well as technical and commercial advisory services aimed at optimizing production processes, structuring international operations, and strengthening our clients\u2019 competitiveness.<br><br>Our mission is to efficiently connect markets, generate sustainable value, and contribute to industry growth through high-quality products, specialized knowledge, and responsible processes that foster strong, long-term commercial relationships.<\/p>\n<\/div>\n<\/div>\n<\/div>\n\n\n\n<p><\/p>","protected":false},"excerpt":{"rendered":"<p>SOBRE NOSOTROS Somos una empresa colombiana con m\u00e1s de 15 a\u00f1os de trayectoria en el comercio internacional, especializada en la [&hellip;]<\/p>\n","protected":false},"author":1,"featured_media":0,"parent":0,"menu_order":0,"comment_status":"closed","ping_status":"closed","template":"","meta":{"_coblocks_attr":"","_coblocks_dimensions":"","_coblocks_responsive_height":"","_coblocks_accordion_ie_support":"","_uag_custom_page_level_css":"","site-sidebar-layout":"default","site-content-layout":"","ast-site-content-layout":"default","site-content-style":"default","site-sidebar-style":"default","ast-global-header-display":"","ast-banner-title-visibility":"","ast-main-header-display":"","ast-hfb-above-header-display":"","ast-hfb-below-header-display":"","ast-hfb-mobile-header-display":"","site-post-title":"disabled","ast-breadcrumbs-content":"","ast-featured-img":"","footer-sml-layout":"","ast-disable-related-posts":"","theme-transparent-header-meta":"","adv-header-id-meta":"","stick-header-meta":"","header-above-stick-meta":"","header-main-stick-meta":"","header-below-stick-meta":"","astra-migrate-meta-layouts":"default","ast-page-background-enabled":"default","ast-page-background-meta":{"desktop":{"background-color":"var(--ast-global-color-5)","background-image":"","background-repeat":"repeat","background-position":"center center","background-size":"auto","background-attachment":"scroll","background-type":"","background-media":"","overlay-type":"","overlay-color":"","overlay-opacity":"","overlay-gradient":""},"tablet":{"background-color":"","background-image":"","background-repeat":"repeat","background-position":"center center","background-size":"auto","background-attachment":"scroll","background-type":"","background-media":"","overlay-type":"","overlay-color":"","overlay-opacity":"","overlay-gradient":""},"mobile":{"background-color":"","background-image":"","background-repeat":"repeat","background-position":"center center","background-size":"auto","background-attachment":"scroll","background-type":"","background-media":"","overlay-type":"","overlay-color":"","overlay-opacity":"","overlay-gradient":""}},"ast-content-background-meta":{"desktop":{"background-color":"var(--ast-global-color-4)","background-image":"","background-repeat":"repeat","background-position":"center center","background-size":"auto","background-attachment":"scroll","background-type":"","background-media":"","overlay-type":"","overlay-color":"","overlay-opacity":"","overlay-gradient":""},"tablet":{"background-color":"var(--ast-global-color-4)","background-image":"","background-repeat":"repeat","background-position":"center center","background-size":"auto","background-attachment":"scroll","background-type":"","background-media":"","overlay-type":"","overlay-color":"","overlay-opacity":"","overlay-gradient":""},"mobile":{"background-color":"var(--ast-global-color-4)","background-image":"","background-repeat":"repeat","background-position":"center center","background-size":"auto","background-attachment":"scroll","background-type":"","background-media":"","overlay-type":"","overlay-color":"","overlay-opacity":"","overlay-gradient":""}},"footnotes":""},"class_list":["post-33","page","type-page","status-publish","hentry"],"yoast_head":"<!-- This site is optimized with the Yoast SEO plugin v27.5 - https:\/\/yoast.com\/product\/yoast-seo-wordpress\/ -->\n<title>Empresa de comercio internacional de materias primas | S&amp;S Group<\/title>\n<meta name=\"description\" content=\"Somos una empresa de comercio internacional especializada en la comercializaci\u00f3n de materias primas y en la gesti\u00f3n integral de operaciones de importaci\u00f3n y exportaci\u00f3n. Ofrecemos productos confiables y soluciones log\u00edsticas eficientes, acompa\u00f1ando a nuestros clientes en cada etapa del proceso, con estricto cumplimiento normativo y un enfoque t\u00e9cnico que garantiza seguridad, trazabilidad y optimizaci\u00f3n de costos en el comercio exterior.\" \/>\n<meta name=\"robots\" content=\"index, follow, max-snippet:-1, max-image-preview:large, max-video-preview:-1\" \/>\n<link rel=\"canonical\" href=\"https:\/\/ssgroupsas.com\/en\/sobre-nosotros\/\" \/>\n<meta property=\"og:locale\" content=\"en_US\" \/>\n<meta property=\"og:type\" content=\"article\" \/>\n<meta property=\"og:title\" content=\"Empresa de comercio internacional de materias primas | S&amp;S Group\" \/>\n<meta property=\"og:description\" content=\"Somos una empresa de comercio internacional especializada en la comercializaci\u00f3n de materias primas y en la gesti\u00f3n integral de operaciones de importaci\u00f3n y exportaci\u00f3n. Ofrecemos productos confiables y soluciones log\u00edsticas eficientes, acompa\u00f1ando a nuestros clientes en cada etapa del proceso, con estricto cumplimiento normativo y un enfoque t\u00e9cnico que garantiza seguridad, trazabilidad y optimizaci\u00f3n de costos en el comercio exterior.\" \/>\n<meta property=\"og:url\" content=\"https:\/\/ssgroupsas.com\/en\/sobre-nosotros\/\" \/>\n<meta property=\"og:site_name\" content=\"S &amp; S GROUP\" \/>\n<meta property=\"article:modified_time\" content=\"2026-01-14T20:02:55+00:00\" \/>\n<meta property=\"og:image\" content=\"https:\/\/ssgroupsas.com\/wp-content\/uploads\/2026\/01\/Logo-S-S-Group-S.A.S-PNG.png\" \/>\n\t<meta property=\"og:image:width\" content=\"933\" \/>\n\t<meta property=\"og:image:height\" content=\"1080\" \/>\n\t<meta property=\"og:image:type\" content=\"image\/png\" \/>\n<meta name=\"twitter:card\" content=\"summary_large_image\" \/>\n<meta name=\"twitter:label1\" content=\"Est. reading time\" \/>\n\t<meta name=\"twitter:data1\" content=\"1 minute\" \/>\n<script type=\"application\/ld+json\" class=\"yoast-schema-graph\">{\"@context\":\"https:\\\/\\\/schema.org\",\"@graph\":[{\"@type\":\"WebPage\",\"@id\":\"https:\\\/\\\/ssgroupsas.com\\\/sobre-nosotros\\\/\",\"url\":\"https:\\\/\\\/ssgroupsas.com\\\/sobre-nosotros\\\/\",\"name\":\"Empresa de comercio internacional de materias primas | S&S Group\",\"isPartOf\":{\"@id\":\"https:\\\/\\\/ssgroupsas.com\\\/#website\"},\"primaryImageOfPage\":{\"@id\":\"https:\\\/\\\/ssgroupsas.com\\\/sobre-nosotros\\\/#primaryimage\"},\"image\":{\"@id\":\"https:\\\/\\\/ssgroupsas.com\\\/sobre-nosotros\\\/#primaryimage\"},\"thumbnailUrl\":\"https:\\\/\\\/ssgroupsas.com\\\/wp-content\\\/uploads\\\/2026\\\/01\\\/Logo-S-S-Group-S.A.S-PNG.png\",\"datePublished\":\"2026-01-05T16:52:23+00:00\",\"dateModified\":\"2026-01-14T20:02:55+00:00\",\"description\":\"Somos una empresa de comercio internacional especializada en la comercializaci\u00f3n de materias primas y en la gesti\u00f3n integral de operaciones de importaci\u00f3n y exportaci\u00f3n. Ofrecemos productos confiables y soluciones log\u00edsticas eficientes, acompa\u00f1ando a nuestros clientes en cada etapa del proceso, con estricto cumplimiento normativo y un enfoque t\u00e9cnico que garantiza seguridad, trazabilidad y optimizaci\u00f3n de costos en el comercio exterior.\",\"breadcrumb\":{\"@id\":\"https:\\\/\\\/ssgroupsas.com\\\/sobre-nosotros\\\/#breadcrumb\"},\"inLanguage\":\"en-US\",\"potentialAction\":[{\"@type\":\"ReadAction\",\"target\":[\"https:\\\/\\\/ssgroupsas.com\\\/sobre-nosotros\\\/\"]}]},{\"@type\":\"ImageObject\",\"inLanguage\":\"en-US\",\"@id\":\"https:\\\/\\\/ssgroupsas.com\\\/sobre-nosotros\\\/#primaryimage\",\"url\":\"https:\\\/\\\/ssgroupsas.com\\\/wp-content\\\/uploads\\\/2026\\\/01\\\/Logo-S-S-Group-S.A.S-PNG.png\",\"contentUrl\":\"https:\\\/\\\/ssgroupsas.com\\\/wp-content\\\/uploads\\\/2026\\\/01\\\/Logo-S-S-Group-S.A.S-PNG.png\"},{\"@type\":\"BreadcrumbList\",\"@id\":\"https:\\\/\\\/ssgroupsas.com\\\/sobre-nosotros\\\/#breadcrumb\",\"itemListElement\":[{\"@type\":\"ListItem\",\"position\":1,\"name\":\"Home\",\"item\":\"https:\\\/\\\/ssgroupsas.com\\\/\"},{\"@type\":\"ListItem\",\"position\":2,\"name\":\"Sobre Nosotros\"}]},{\"@type\":\"WebSite\",\"@id\":\"https:\\\/\\\/ssgroupsas.com\\\/#website\",\"url\":\"https:\\\/\\\/ssgroupsas.com\\\/\",\"name\":\"S & S GROUP\",\"description\":\"\",\"publisher\":{\"@id\":\"https:\\\/\\\/ssgroupsas.com\\\/#organization\"},\"potentialAction\":[{\"@type\":\"SearchAction\",\"target\":{\"@type\":\"EntryPoint\",\"urlTemplate\":\"https:\\\/\\\/ssgroupsas.com\\\/?s={search_term_string}\"},\"query-input\":{\"@type\":\"PropertyValueSpecification\",\"valueRequired\":true,\"valueName\":\"search_term_string\"}}],\"inLanguage\":\"en-US\"},{\"@type\":\"Organization\",\"@id\":\"https:\\\/\\\/ssgroupsas.com\\\/#organization\",\"name\":\"S & S GROUP\",\"url\":\"https:\\\/\\\/ssgroupsas.com\\\/\",\"logo\":{\"@type\":\"ImageObject\",\"inLanguage\":\"en-US\",\"@id\":\"https:\\\/\\\/ssgroupsas.com\\\/#\\\/schema\\\/logo\\\/image\\\/\",\"url\":\"https:\\\/\\\/ssgroupsas.com\\\/wp-content\\\/uploads\\\/2026\\\/01\\\/cropped-Captura-de-pantalla-2026-01-06-a-las-2.16.00-p.m.png\",\"contentUrl\":\"https:\\\/\\\/ssgroupsas.com\\\/wp-content\\\/uploads\\\/2026\\\/01\\\/cropped-Captura-de-pantalla-2026-01-06-a-las-2.16.00-p.m.png\",\"width\":1132,\"height\":1114,\"caption\":\"S & S GROUP\"},\"image\":{\"@id\":\"https:\\\/\\\/ssgroupsas.com\\\/#\\\/schema\\\/logo\\\/image\\\/\"}}]}<\/script>\n<!-- \/ Yoast SEO plugin. -->","yoast_head_json":{"title":"Empresa de comercio internacional de materias primas | S&S Group","description":"Somos una empresa de comercio internacional especializada en la comercializaci\u00f3n de materias primas y en la gesti\u00f3n integral de operaciones de importaci\u00f3n y exportaci\u00f3n. Ofrecemos productos confiables y soluciones log\u00edsticas eficientes, acompa\u00f1ando a nuestros clientes en cada etapa del proceso, con estricto cumplimiento normativo y un enfoque t\u00e9cnico que garantiza seguridad, trazabilidad y optimizaci\u00f3n de costos en el comercio exterior.","robots":{"index":"index","follow":"follow","max-snippet":"max-snippet:-1","max-image-preview":"max-image-preview:large","max-video-preview":"max-video-preview:-1"},"canonical":"https:\/\/ssgroupsas.com\/en\/sobre-nosotros\/","og_locale":"en_US","og_type":"article","og_title":"Empresa de comercio internacional de materias primas | S&S Group","og_description":"Somos una empresa de comercio internacional especializada en la comercializaci\u00f3n de materias primas y en la gesti\u00f3n integral de operaciones de importaci\u00f3n y exportaci\u00f3n. Ofrecemos productos confiables y soluciones log\u00edsticas eficientes, acompa\u00f1ando a nuestros clientes en cada etapa del proceso, con estricto cumplimiento normativo y un enfoque t\u00e9cnico que garantiza seguridad, trazabilidad y optimizaci\u00f3n de costos en el comercio exterior.","og_url":"https:\/\/ssgroupsas.com\/en\/sobre-nosotros\/","og_site_name":"S &amp; S GROUP","article_modified_time":"2026-01-14T20:02:55+00:00","og_image":[{"width":933,"height":1080,"url":"https:\/\/ssgroupsas.com\/wp-content\/uploads\/2026\/01\/Logo-S-S-Group-S.A.S-PNG.png","type":"image\/png"}],"twitter_card":"summary_large_image","twitter_misc":{"Est. reading time":"1 minute"},"schema":{"@context":"https:\/\/schema.org","@graph":[{"@type":"WebPage","@id":"https:\/\/ssgroupsas.com\/sobre-nosotros\/","url":"https:\/\/ssgroupsas.com\/sobre-nosotros\/","name":"Empresa de comercio internacional de materias primas | S&S Group","isPartOf":{"@id":"https:\/\/ssgroupsas.com\/#website"},"primaryImageOfPage":{"@id":"https:\/\/ssgroupsas.com\/sobre-nosotros\/#primaryimage"},"image":{"@id":"https:\/\/ssgroupsas.com\/sobre-nosotros\/#primaryimage"},"thumbnailUrl":"https:\/\/ssgroupsas.com\/wp-content\/uploads\/2026\/01\/Logo-S-S-Group-S.A.S-PNG.png","datePublished":"2026-01-05T16:52:23+00:00","dateModified":"2026-01-14T20:02:55+00:00","description":"Somos una empresa de comercio internacional especializada en la comercializaci\u00f3n de materias primas y en la gesti\u00f3n integral de operaciones de importaci\u00f3n y exportaci\u00f3n. Ofrecemos productos confiables y soluciones log\u00edsticas eficientes, acompa\u00f1ando a nuestros clientes en cada etapa del proceso, con estricto cumplimiento normativo y un enfoque t\u00e9cnico que garantiza seguridad, trazabilidad y optimizaci\u00f3n de costos en el comercio exterior.","breadcrumb":{"@id":"https:\/\/ssgroupsas.com\/sobre-nosotros\/#breadcrumb"},"inLanguage":"en-US","potentialAction":[{"@type":"ReadAction","target":["https:\/\/ssgroupsas.com\/sobre-nosotros\/"]}]},{"@type":"ImageObject","inLanguage":"en-US","@id":"https:\/\/ssgroupsas.com\/sobre-nosotros\/#primaryimage","url":"https:\/\/ssgroupsas.com\/wp-content\/uploads\/2026\/01\/Logo-S-S-Group-S.A.S-PNG.png","contentUrl":"https:\/\/ssgroupsas.com\/wp-content\/uploads\/2026\/01\/Logo-S-S-Group-S.A.S-PNG.png"},{"@type":"BreadcrumbList","@id":"https:\/\/ssgroupsas.com\/sobre-nosotros\/#breadcrumb","itemListElement":[{"@type":"ListItem","position":1,"name":"Home","item":"https:\/\/ssgroupsas.com\/"},{"@type":"ListItem","position":2,"name":"Sobre Nosotros"}]},{"@type":"WebSite","@id":"https:\/\/ssgroupsas.com\/#website","url":"https:\/\/ssgroupsas.com\/","name":"S & S GROUP","description":"","publisher":{"@id":"https:\/\/ssgroupsas.com\/#organization"},"potentialAction":[{"@type":"SearchAction","target":{"@type":"EntryPoint","urlTemplate":"https:\/\/ssgroupsas.com\/?s={search_term_string}"},"query-input":{"@type":"PropertyValueSpecification","valueRequired":true,"valueName":"search_term_string"}}],"inLanguage":"en-US"},{"@type":"Organization","@id":"https:\/\/ssgroupsas.com\/#organization","name":"S & S GROUP","url":"https:\/\/ssgroupsas.com\/","logo":{"@type":"ImageObject","inLanguage":"en-US","@id":"https:\/\/ssgroupsas.com\/#\/schema\/logo\/image\/","url":"https:\/\/ssgroupsas.com\/wp-content\/uploads\/2026\/01\/cropped-Captura-de-pantalla-2026-01-06-a-las-2.16.00-p.m.png","contentUrl":"https:\/\/ssgroupsas.com\/wp-content\/uploads\/2026\/01\/cropped-Captura-de-pantalla-2026-01-06-a-las-2.16.00-p.m.png","width":1132,"height":1114,"caption":"S & S GROUP"},"image":{"@id":"https:\/\/ssgroupsas.com\/#\/schema\/logo\/image\/"}}]}},"uagb_featured_image_src":{"full":false,"thumbnail":false,"medium":false,"medium_large":false,"large":false,"1536x1536":false,"2048x2048":false,"trp-custom-language-flag":false},"uagb_author_info":{"display_name":"SSGROUP","author_link":"https:\/\/ssgroupsas.com\/en\/author\/818017pwpadmin\/"},"uagb_comment_info":0,"uagb_excerpt":"SOBRE NOSOTROS Somos una empresa colombiana con m\u00e1s de 15 a\u00f1os de trayectoria en el comercio internacional, especializada en la [&hellip;]","_links":{"self":[{"href":"https:\/\/ssgroupsas.com\/en\/wp-json\/wp\/v2\/pages\/33","targetHints":{"allow":["GET"]}}],"collection":[{"href":"https:\/\/ssgroupsas.com\/en\/wp-json\/wp\/v2\/pages"}],"about":[{"href":"https:\/\/ssgroupsas.com\/en\/wp-json\/wp\/v2\/types\/page"}],"author":[{"embeddable":true,"href":"https:\/\/ssgroupsas.com\/en\/wp-json\/wp\/v2\/users\/1"}],"replies":[{"embeddable":true,"href":"https:\/\/ssgroupsas.com\/en\/wp-json\/wp\/v2\/comments?post=33"}],"version-history":[{"count":21,"href":"https:\/\/ssgroupsas.com\/en\/wp-json\/wp\/v2\/pages\/33\/revisions"}],"predecessor-version":[{"id":512,"href":"https:\/\/ssgroupsas.com\/en\/wp-json\/wp\/v2\/pages\/33\/revisions\/512"}],"wp:attachment":[{"href":"https:\/\/ssgroupsas.com\/en\/wp-json\/wp\/v2\/media?parent=33"}],"curies":[{"name":"wp","href":"https:\/\/api.w.org\/{rel}","templated":true}]}}