{"id":32,"date":"2026-01-05T16:52:23","date_gmt":"2026-01-05T16:52:23","guid":{"rendered":"https:\/\/ssgroupsas.com\/servicios\/"},"modified":"2026-01-15T18:13:49","modified_gmt":"2026-01-15T18:13:49","slug":"servicios","status":"publish","type":"page","link":"https:\/\/ssgroupsas.com\/en\/servicios\/","title":{"rendered":"Services"},"content":{"rendered":"<section class=\"wp-block-group alignfull gd-section-wrapper is-layout-constrained wp-block-group-is-layout-constrained\">\n<div class=\"wp-block-group alignwide is-layout-flow wp-block-group-is-layout-flow\" style=\"padding-top:var(--wp--preset--spacing--70);padding-bottom:var(--wp--preset--spacing--70)\">\n<h1 class=\"wp-block-heading has-text-align-center\"><strong>Logistics and International Trade Advisory Services<\/strong><\/h1>\n\n\n\n<p class=\"has-text-align-center\" style=\"padding-bottom:var(--wp--preset--spacing--50)\">Discover why our export, import, and international trade advisory services are the preferred choice for companies seeking security, efficiency, and regulatory compliance in their international operations.<\/p>\n\n\n\n<div class=\"wp-block-group is-layout-grid wp-container-core-group-is-layout-f82281af wp-block-group-is-layout-grid\" style=\"margin-top:var(--wp--preset--spacing--10);margin-bottom:var(--wp--preset--spacing--50)\">\n<figure class=\"wp-block-image size-large is-resized has-custom-border image-radius wp-container-content-a37929a5\"><img loading=\"lazy\" decoding=\"async\" width=\"1440\" height=\"1440\" src=\"https:\/\/ssgroupsas.com\/wp-content\/uploads\/2026\/01\/image-edited-1.jpeg\" alt=\"\" class=\"wp-image-209\" style=\"border-radius:10px;box-shadow:var(--wp--preset--shadow--natural);aspect-ratio:1;object-fit:cover;width:100%\" srcset=\"https:\/\/ssgroupsas.com\/wp-content\/uploads\/2026\/01\/image-edited-1.jpeg 1440w, https:\/\/ssgroupsas.com\/wp-content\/uploads\/2026\/01\/image-edited-1-300x300.jpeg 300w, https:\/\/ssgroupsas.com\/wp-content\/uploads\/2026\/01\/image-edited-1-1024x1024.jpeg 1024w, https:\/\/ssgroupsas.com\/wp-content\/uploads\/2026\/01\/image-edited-1-150x150.jpeg 150w, https:\/\/ssgroupsas.com\/wp-content\/uploads\/2026\/01\/image-edited-1-768x768.jpeg 768w\" sizes=\"auto, (max-width: 1440px) 100vw, 1440px\" \/><\/figure>\n\n\n\n<div class=\"wp-block-group wp-container-content-a37929a5 is-vertical is-content-justification-left is-layout-flex wp-container-core-group-is-layout-64a21cad wp-block-group-is-layout-flex\" style=\"padding-top:var(--wp--preset--spacing--40);padding-right:var(--wp--preset--spacing--30);padding-bottom:var(--wp--preset--spacing--40);padding-left:var(--wp--preset--spacing--30)\">\n<h2 class=\"wp-block-heading has-text-align-left\"><strong>Export Advisory Services<\/strong><\/h2>\n\n\n\n<p class=\"has-text-align-left has-custom-weight\" style=\"padding-bottom:var(--wp--preset--spacing--30);font-weight:normal\">We support your company throughout the entire export process, ensuring that your goods reach their destination in full compliance with legal, documentary, and logistical requirements.<br><br><strong>What does our import service include?<\/strong><br>     \u2714 Pre-export assessment and exporter preparation<br>     \u2714 International logistics planning<br>     \u2714 Coordination with shipping lines and freight forwarders<br>     \u2714 Container space optimization<br>     \u2714 Preparation and review of documentation<br>     \u2714 Shipment tracking and monitoring<br>     \u2714 Delivery of final documents<br>     \u2714 Process closure and evaluation<br><br><strong><strong>Benefits for your company<\/strong><\/strong><br>      \u2714 Reduction of customs risks and penalties<br>       \u2714 Optimization of logistics costs<br>       \u2714 Full control of the export process<br>       \u2714 Guaranteed regulatory compliance<br>       \u2714 Expert support from start to finish<\/p>\n<\/div>\n<\/div>\n\n\n\n<div class=\"wp-block-group is-layout-grid wp-container-core-group-is-layout-f82281af wp-block-group-is-layout-grid\" style=\"margin-top:var(--wp--preset--spacing--10);margin-bottom:var(--wp--preset--spacing--50)\">\n<div class=\"wp-block-group is-vertical is-content-justification-left is-layout-flex wp-container-core-group-is-layout-64a21cad wp-block-group-is-layout-flex\" style=\"padding-top:var(--wp--preset--spacing--40);padding-right:var(--wp--preset--spacing--30);padding-bottom:var(--wp--preset--spacing--40);padding-left:var(--wp--preset--spacing--30)\">\n<h2 class=\"wp-block-heading has-text-align-left\"><strong>Import Advisory Services<\/strong><\/h2>\n\n\n\n<p class=\"has-text-align-left\" style=\"padding-bottom:var(--wp--preset--spacing--30)\">We manage and oversee your import process to ensure you receive your goods&nbsp;<strong>without disruptions,<\/strong>fully complying with all customs and trade requirements.<br><br><strong>What does our import service include?<\/strong><br>      \u2714 Prior review of the product and legal requirements<br>      \u2714 Import planning<br>      \u2714 Coordination of international transportation<br>      \u2714 Documentation and customs management<br>      \u2714 Customs clearance and release<br>      \u2714 Control of duties, taxes, and costs<br>      \u2714 Coordination of domestic transportation<br>      \u2714 Final delivery to your warehouse or plant<br>      \u2714 Administrative and financial closure<br><br><strong><strong>Benefits for your company<\/strong><\/strong><br>      \u2714 Error-free and on-time imports<br>      \u2714 Reduction of unexpected additional costs<br>      \u2714 Full traceability of the operation<br>      \u2714 Compliance with DIAN and relevant authorities<br>      \u2714 Greater security in your international purchases<\/p>\n<\/div>\n\n\n\n<figure class=\"wp-block-image size-large is-resized has-custom-border image-radius\"><img decoding=\"async\" src=\"https:\/\/ssgroupsas.com\/wp-content\/uploads\/2026\/01\/628131444.jpg\" alt=\"Feature 1 image\" style=\"border-radius:10px;box-shadow:var(--wp--preset--shadow--natural);aspect-ratio:1;object-fit:cover;width:100%\"\/><\/figure>\n<\/div>\n<\/div>\n<\/section>\n\n\n\n<section class=\"wp-block-group alignfull gd-section-wrapper is-layout-constrained wp-block-group-is-layout-constrained\">\n<div class=\"wp-block-group alignfull is-layout-constrained wp-container-core-group-is-layout-e4fd886c wp-block-group-is-layout-constrained\" style=\"border-radius:12px;padding-top:var(--wp--preset--spacing--50);padding-right:var(--wp--preset--spacing--50);padding-bottom:var(--wp--preset--spacing--50);padding-left:var(--wp--preset--spacing--50)\">\n<h2 class=\"wp-block-heading has-text-align-center has-heading-highlight\">Request Your Personalized Advisory Service<\/h2>\n\n\n\n<p class=\"has-text-align-center\" style=\"padding-bottom:var(--wp--preset--spacing--40)\">Would you like to optimize your export, import, or international logistics operations? Our team of international trade experts is ready to help you achieve your business objectives. Request a no-obligation consultation and discover how our comprehensive services can drive the growth of your business.<\/p>\n\n\n\n<div class=\"wp-block-buttons is-content-justification-center is-layout-flex wp-container-core-buttons-is-layout-766bf85b wp-block-buttons-is-layout-flex\">\n<div class=\"wp-block-button is-style-fill has-hover-lift has-hover-shadow has-transition\"><a class=\"wp-block-button__link wp-element-button\" href=\"https:\/\/ssgroupsas.com\/en\/contacto\/\" style=\"border-radius:8px\">Contact Us Today<\/a><\/div>\n<\/div>\n<\/div>\n<\/section>\n\n\n\n<p><\/p>","protected":false},"excerpt":{"rendered":"<p>Asesor\u00eda en Log\u00edstica y Comercio Exterior Descubra por qu\u00e9 nuestros servicios de exportaci\u00f3n, importaci\u00f3n y asesor\u00eda en comercio exterior son [&hellip;]<\/p>\n","protected":false},"author":1,"featured_media":0,"parent":0,"menu_order":0,"comment_status":"closed","ping_status":"closed","template":"","meta":{"_coblocks_attr":"","_coblocks_dimensions":"","_coblocks_responsive_height":"","_coblocks_accordion_ie_support":"","_uag_custom_page_level_css":"","site-sidebar-layout":"default","site-content-layout":"","ast-site-content-layout":"default","site-content-style":"default","site-sidebar-style":"default","ast-global-header-display":"","ast-banner-title-visibility":"","ast-main-header-display":"","ast-hfb-above-header-display":"","ast-hfb-below-header-display":"","ast-hfb-mobile-header-display":"","site-post-title":"disabled","ast-breadcrumbs-content":"","ast-featured-img":"","footer-sml-layout":"","ast-disable-related-posts":"","theme-transparent-header-meta":"","adv-header-id-meta":"","stick-header-meta":"","header-above-stick-meta":"","header-main-stick-meta":"","header-below-stick-meta":"","astra-migrate-meta-layouts":"default","ast-page-background-enabled":"default","ast-page-background-meta":{"desktop":{"background-color":"var(--ast-global-color-5)","background-image":"","background-repeat":"repeat","background-position":"center center","background-size":"auto","background-attachment":"scroll","background-type":"","background-media":"","overlay-type":"","overlay-color":"","overlay-opacity":"","overlay-gradient":""},"tablet":{"background-color":"","background-image":"","background-repeat":"repeat","background-position":"center center","background-size":"auto","background-attachment":"scroll","background-type":"","background-media":"","overlay-type":"","overlay-color":"","overlay-opacity":"","overlay-gradient":""},"mobile":{"background-color":"","background-image":"","background-repeat":"repeat","background-position":"center center","background-size":"auto","background-attachment":"scroll","background-type":"","background-media":"","overlay-type":"","overlay-color":"","overlay-opacity":"","overlay-gradient":""}},"ast-content-background-meta":{"desktop":{"background-color":"var(--ast-global-color-4)","background-image":"","background-repeat":"repeat","background-position":"center center","background-size":"auto","background-attachment":"scroll","background-type":"","background-media":"","overlay-type":"","overlay-color":"","overlay-opacity":"","overlay-gradient":""},"tablet":{"background-color":"var(--ast-global-color-4)","background-image":"","background-repeat":"repeat","background-position":"center center","background-size":"auto","background-attachment":"scroll","background-type":"","background-media":"","overlay-type":"","overlay-color":"","overlay-opacity":"","overlay-gradient":""},"mobile":{"background-color":"var(--ast-global-color-4)","background-image":"","background-repeat":"repeat","background-position":"center center","background-size":"auto","background-attachment":"scroll","background-type":"","background-media":"","overlay-type":"","overlay-color":"","overlay-opacity":"","overlay-gradient":""}},"footnotes":""},"class_list":["post-32","page","type-page","status-publish","hentry"],"yoast_head":"<!-- This site is optimized with the Yoast SEO plugin v27.5 - https:\/\/yoast.com\/product\/yoast-seo-wordpress\/ -->\n<title>Empresa de comercio internacional de materias primas | S&amp;S Group<\/title>\n<meta name=\"description\" content=\"Descubra por qu\u00e9 nuestros servicios de exportaci\u00f3n, importaci\u00f3n y asesor\u00eda en comercio exterior son la elecci\u00f3n preferida por empresas que buscan seguridad, eficiencia y cumplimiento normativo en sus operaciones internacionales.\" \/>\n<meta name=\"robots\" content=\"index, follow, max-snippet:-1, max-image-preview:large, max-video-preview:-1\" \/>\n<link rel=\"canonical\" href=\"https:\/\/ssgroupsas.com\/en\/servicios\/\" \/>\n<meta property=\"og:locale\" content=\"en_US\" \/>\n<meta property=\"og:type\" content=\"article\" \/>\n<meta property=\"og:title\" content=\"Empresa de comercio internacional de materias primas | S&amp;S Group\" \/>\n<meta property=\"og:description\" content=\"Descubra por qu\u00e9 nuestros servicios de exportaci\u00f3n, importaci\u00f3n y asesor\u00eda en comercio exterior son la elecci\u00f3n preferida por empresas que buscan seguridad, eficiencia y cumplimiento normativo en sus operaciones internacionales.\" \/>\n<meta property=\"og:url\" content=\"https:\/\/ssgroupsas.com\/en\/servicios\/\" \/>\n<meta property=\"og:site_name\" content=\"S &amp; S GROUP\" \/>\n<meta property=\"article:modified_time\" content=\"2026-01-15T18:13:49+00:00\" \/>\n<meta property=\"og:image\" content=\"https:\/\/ssgroupsas.com\/wp-content\/uploads\/2026\/01\/image-edited-1.jpeg\" \/>\n\t<meta property=\"og:image:width\" content=\"1440\" \/>\n\t<meta property=\"og:image:height\" content=\"1440\" \/>\n\t<meta property=\"og:image:type\" content=\"image\/jpeg\" \/>\n<meta name=\"twitter:card\" content=\"summary_large_image\" \/>\n<meta name=\"twitter:label1\" content=\"Est. reading time\" \/>\n\t<meta name=\"twitter:data1\" content=\"2 minutes\" \/>\n<script type=\"application\/ld+json\" class=\"yoast-schema-graph\">{\"@context\":\"https:\\\/\\\/schema.org\",\"@graph\":[{\"@type\":\"WebPage\",\"@id\":\"https:\\\/\\\/ssgroupsas.com\\\/servicios\\\/\",\"url\":\"https:\\\/\\\/ssgroupsas.com\\\/servicios\\\/\",\"name\":\"Empresa de comercio internacional de materias primas | S&S Group\",\"isPartOf\":{\"@id\":\"https:\\\/\\\/ssgroupsas.com\\\/#website\"},\"primaryImageOfPage\":{\"@id\":\"https:\\\/\\\/ssgroupsas.com\\\/servicios\\\/#primaryimage\"},\"image\":{\"@id\":\"https:\\\/\\\/ssgroupsas.com\\\/servicios\\\/#primaryimage\"},\"thumbnailUrl\":\"https:\\\/\\\/ssgroupsas.com\\\/wp-content\\\/uploads\\\/2026\\\/01\\\/image-edited-1.jpeg\",\"datePublished\":\"2026-01-05T16:52:23+00:00\",\"dateModified\":\"2026-01-15T18:13:49+00:00\",\"description\":\"Descubra por qu\u00e9 nuestros servicios de exportaci\u00f3n, importaci\u00f3n y asesor\u00eda en comercio exterior son la elecci\u00f3n preferida por empresas que buscan seguridad, eficiencia y cumplimiento normativo en sus operaciones internacionales.\",\"breadcrumb\":{\"@id\":\"https:\\\/\\\/ssgroupsas.com\\\/servicios\\\/#breadcrumb\"},\"inLanguage\":\"en-US\",\"potentialAction\":[{\"@type\":\"ReadAction\",\"target\":[\"https:\\\/\\\/ssgroupsas.com\\\/servicios\\\/\"]}]},{\"@type\":\"ImageObject\",\"inLanguage\":\"en-US\",\"@id\":\"https:\\\/\\\/ssgroupsas.com\\\/servicios\\\/#primaryimage\",\"url\":\"https:\\\/\\\/ssgroupsas.com\\\/wp-content\\\/uploads\\\/2026\\\/01\\\/image-edited-1.jpeg\",\"contentUrl\":\"https:\\\/\\\/ssgroupsas.com\\\/wp-content\\\/uploads\\\/2026\\\/01\\\/image-edited-1.jpeg\"},{\"@type\":\"BreadcrumbList\",\"@id\":\"https:\\\/\\\/ssgroupsas.com\\\/servicios\\\/#breadcrumb\",\"itemListElement\":[{\"@type\":\"ListItem\",\"position\":1,\"name\":\"Home\",\"item\":\"https:\\\/\\\/ssgroupsas.com\\\/\"},{\"@type\":\"ListItem\",\"position\":2,\"name\":\"Servicios\"}]},{\"@type\":\"WebSite\",\"@id\":\"https:\\\/\\\/ssgroupsas.com\\\/#website\",\"url\":\"https:\\\/\\\/ssgroupsas.com\\\/\",\"name\":\"S & S GROUP\",\"description\":\"\",\"publisher\":{\"@id\":\"https:\\\/\\\/ssgroupsas.com\\\/#organization\"},\"potentialAction\":[{\"@type\":\"SearchAction\",\"target\":{\"@type\":\"EntryPoint\",\"urlTemplate\":\"https:\\\/\\\/ssgroupsas.com\\\/?s={search_term_string}\"},\"query-input\":{\"@type\":\"PropertyValueSpecification\",\"valueRequired\":true,\"valueName\":\"search_term_string\"}}],\"inLanguage\":\"en-US\"},{\"@type\":\"Organization\",\"@id\":\"https:\\\/\\\/ssgroupsas.com\\\/#organization\",\"name\":\"S & S GROUP\",\"url\":\"https:\\\/\\\/ssgroupsas.com\\\/\",\"logo\":{\"@type\":\"ImageObject\",\"inLanguage\":\"en-US\",\"@id\":\"https:\\\/\\\/ssgroupsas.com\\\/#\\\/schema\\\/logo\\\/image\\\/\",\"url\":\"https:\\\/\\\/ssgroupsas.com\\\/wp-content\\\/uploads\\\/2026\\\/01\\\/cropped-Captura-de-pantalla-2026-01-06-a-las-2.16.00-p.m.png\",\"contentUrl\":\"https:\\\/\\\/ssgroupsas.com\\\/wp-content\\\/uploads\\\/2026\\\/01\\\/cropped-Captura-de-pantalla-2026-01-06-a-las-2.16.00-p.m.png\",\"width\":1132,\"height\":1114,\"caption\":\"S & S GROUP\"},\"image\":{\"@id\":\"https:\\\/\\\/ssgroupsas.com\\\/#\\\/schema\\\/logo\\\/image\\\/\"}}]}<\/script>\n<!-- \/ Yoast SEO plugin. -->","yoast_head_json":{"title":"Empresa de comercio internacional de materias primas | S&S Group","description":"Discover why our export, import, and international trade advisory services are the preferred choice for companies seeking security, efficiency, and regulatory compliance in their international operations.","robots":{"index":"index","follow":"follow","max-snippet":"max-snippet:-1","max-image-preview":"max-image-preview:large","max-video-preview":"max-video-preview:-1"},"canonical":"https:\/\/ssgroupsas.com\/en\/servicios\/","og_locale":"en_US","og_type":"article","og_title":"Empresa de comercio internacional de materias primas | S&S Group","og_description":"Descubra por qu\u00e9 nuestros servicios de exportaci\u00f3n, importaci\u00f3n y asesor\u00eda en comercio exterior son la elecci\u00f3n preferida por empresas que buscan seguridad, eficiencia y cumplimiento normativo en sus operaciones internacionales.","og_url":"https:\/\/ssgroupsas.com\/en\/servicios\/","og_site_name":"S &amp; S GROUP","article_modified_time":"2026-01-15T18:13:49+00:00","og_image":[{"width":1440,"height":1440,"url":"https:\/\/ssgroupsas.com\/wp-content\/uploads\/2026\/01\/image-edited-1.jpeg","type":"image\/jpeg"}],"twitter_card":"summary_large_image","twitter_misc":{"Est. reading time":"2 minutes"},"schema":{"@context":"https:\/\/schema.org","@graph":[{"@type":"WebPage","@id":"https:\/\/ssgroupsas.com\/servicios\/","url":"https:\/\/ssgroupsas.com\/servicios\/","name":"Empresa de comercio internacional de materias primas | S&S Group","isPartOf":{"@id":"https:\/\/ssgroupsas.com\/#website"},"primaryImageOfPage":{"@id":"https:\/\/ssgroupsas.com\/servicios\/#primaryimage"},"image":{"@id":"https:\/\/ssgroupsas.com\/servicios\/#primaryimage"},"thumbnailUrl":"https:\/\/ssgroupsas.com\/wp-content\/uploads\/2026\/01\/image-edited-1.jpeg","datePublished":"2026-01-05T16:52:23+00:00","dateModified":"2026-01-15T18:13:49+00:00","description":"Discover why our export, import, and international trade advisory services are the preferred choice for companies seeking security, efficiency, and regulatory compliance in their international operations.","breadcrumb":{"@id":"https:\/\/ssgroupsas.com\/servicios\/#breadcrumb"},"inLanguage":"en-US","potentialAction":[{"@type":"ReadAction","target":["https:\/\/ssgroupsas.com\/servicios\/"]}]},{"@type":"ImageObject","inLanguage":"en-US","@id":"https:\/\/ssgroupsas.com\/servicios\/#primaryimage","url":"https:\/\/ssgroupsas.com\/wp-content\/uploads\/2026\/01\/image-edited-1.jpeg","contentUrl":"https:\/\/ssgroupsas.com\/wp-content\/uploads\/2026\/01\/image-edited-1.jpeg"},{"@type":"BreadcrumbList","@id":"https:\/\/ssgroupsas.com\/servicios\/#breadcrumb","itemListElement":[{"@type":"ListItem","position":1,"name":"Home","item":"https:\/\/ssgroupsas.com\/"},{"@type":"ListItem","position":2,"name":"Servicios"}]},{"@type":"WebSite","@id":"https:\/\/ssgroupsas.com\/#website","url":"https:\/\/ssgroupsas.com\/","name":"S & S GROUP","description":"","publisher":{"@id":"https:\/\/ssgroupsas.com\/#organization"},"potentialAction":[{"@type":"SearchAction","target":{"@type":"EntryPoint","urlTemplate":"https:\/\/ssgroupsas.com\/?s={search_term_string}"},"query-input":{"@type":"PropertyValueSpecification","valueRequired":true,"valueName":"search_term_string"}}],"inLanguage":"en-US"},{"@type":"Organization","@id":"https:\/\/ssgroupsas.com\/#organization","name":"S & S GROUP","url":"https:\/\/ssgroupsas.com\/","logo":{"@type":"ImageObject","inLanguage":"en-US","@id":"https:\/\/ssgroupsas.com\/#\/schema\/logo\/image\/","url":"https:\/\/ssgroupsas.com\/wp-content\/uploads\/2026\/01\/cropped-Captura-de-pantalla-2026-01-06-a-las-2.16.00-p.m.png","contentUrl":"https:\/\/ssgroupsas.com\/wp-content\/uploads\/2026\/01\/cropped-Captura-de-pantalla-2026-01-06-a-las-2.16.00-p.m.png","width":1132,"height":1114,"caption":"S & S GROUP"},"image":{"@id":"https:\/\/ssgroupsas.com\/#\/schema\/logo\/image\/"}}]}},"uagb_featured_image_src":{"full":false,"thumbnail":false,"medium":false,"medium_large":false,"large":false,"1536x1536":false,"2048x2048":false,"trp-custom-language-flag":false},"uagb_author_info":{"display_name":"SSGROUP","author_link":"https:\/\/ssgroupsas.com\/en\/author\/818017pwpadmin\/"},"uagb_comment_info":0,"uagb_excerpt":"Asesor\u00eda en Log\u00edstica y Comercio Exterior Descubra por qu\u00e9 nuestros servicios de exportaci\u00f3n, importaci\u00f3n y asesor\u00eda en comercio exterior son [&hellip;]","_links":{"self":[{"href":"https:\/\/ssgroupsas.com\/en\/wp-json\/wp\/v2\/pages\/32","targetHints":{"allow":["GET"]}}],"collection":[{"href":"https:\/\/ssgroupsas.com\/en\/wp-json\/wp\/v2\/pages"}],"about":[{"href":"https:\/\/ssgroupsas.com\/en\/wp-json\/wp\/v2\/types\/page"}],"author":[{"embeddable":true,"href":"https:\/\/ssgroupsas.com\/en\/wp-json\/wp\/v2\/users\/1"}],"replies":[{"embeddable":true,"href":"https:\/\/ssgroupsas.com\/en\/wp-json\/wp\/v2\/comments?post=32"}],"version-history":[{"count":27,"href":"https:\/\/ssgroupsas.com\/en\/wp-json\/wp\/v2\/pages\/32\/revisions"}],"predecessor-version":[{"id":476,"href":"https:\/\/ssgroupsas.com\/en\/wp-json\/wp\/v2\/pages\/32\/revisions\/476"}],"wp:attachment":[{"href":"https:\/\/ssgroupsas.com\/en\/wp-json\/wp\/v2\/media?parent=32"}],"curies":[{"name":"wp","href":"https:\/\/api.w.org\/{rel}","templated":true}]}}