{"id":316,"date":"2026-01-07T22:09:16","date_gmt":"2026-01-07T22:09:16","guid":{"rendered":"https:\/\/ssgroupsas.com\/?page_id=316"},"modified":"2026-01-09T15:47:54","modified_gmt":"2026-01-09T15:47:54","slug":"fibras-recuperadas","status":"publish","type":"page","link":"https:\/\/ssgroupsas.com\/en\/fibras-recuperadas\/","title":{"rendered":"Recovered Fibers"},"content":{"rendered":"<h2 class=\"wp-block-heading has-text-align-center\"><br><strong>RECOVERED FIBERS<\/strong><\/h2>\n\n\n\n<div class=\"wp-block-group is-layout-constrained wp-block-group-is-layout-constrained\">\n<div class=\"wp-block-columns is-layout-flex wp-container-core-columns-is-layout-28f84493 wp-block-columns-is-layout-flex\">\n<div class=\"wp-block-column is-vertically-aligned-center is-layout-flow wp-block-column-is-layout-flow\">\n<figure class=\"wp-block-image aligncenter size-full is-resized\"><img loading=\"lazy\" decoding=\"async\" width=\"1024\" height=\"768\" src=\"https:\/\/ssgroupsas.com\/wp-content\/uploads\/2026\/01\/Fibra-002-2.jpg\" alt=\"\" class=\"wp-image-295\" style=\"width:715px\" srcset=\"https:\/\/ssgroupsas.com\/wp-content\/uploads\/2026\/01\/Fibra-002-2.jpg 1024w, https:\/\/ssgroupsas.com\/wp-content\/uploads\/2026\/01\/Fibra-002-2-300x225.jpg 300w, https:\/\/ssgroupsas.com\/wp-content\/uploads\/2026\/01\/Fibra-002-2-768x576.jpg 768w\" sizes=\"auto, (max-width: 1024px) 100vw, 1024px\" \/><\/figure>\n<\/div>\n\n\n\n<div class=\"wp-block-column is-vertically-aligned-center is-layout-flow wp-block-column-is-layout-flow\">\n<details class=\"wp-block-details is-layout-flow wp-block-details-is-layout-flow\" open><summary><strong>Combed Cotton Noil<\/strong><\/summary>\n<p class=\"translation-block\">Combed cotton noil is a byproduct of the cotton spinning industry, obtained during the combing process to remove short fibers. We supply premium-quality cotton noil, free from defects and composed of 100% pure cotton.<\/p>\n<\/details>\n\n\n\n<details class=\"wp-block-details is-layout-flow wp-block-details-is-layout-flow\" open><summary><strong><strong>PSF \u2013 Recycled Polyester Staple Fibers<\/strong><\/strong><\/summary>\n<p class=\"translation-block\">Recycled polyester staple fibers (PSF) are a synthetic material obtained from the recycling of PET bottles and other plastic waste. They are produced in the form of short fibers, which facilitates blending with cotton, viscose, and other natural and synthetic fibers.<\/p>\n<\/details>\n\n\n\n<details class=\"wp-block-details is-layout-flow wp-block-details-is-layout-flow\" open><summary><strong>Recovered Cellulose Fluff Pulp<\/strong><\/summary>\n<p class=\"translation-block\">Recovered cellulose fluff pulp is a short fiber obtained through cellulose recycling and recovery processes, primarily from factory-rejected diapers. It is characterized by its high absorbency, purity, and versatility, making it an essential raw material for a wide range of industrial applications.<\/p>\n<\/details>\n<\/div>\n<\/div>\n<\/div>\n\n\n\n<p><\/p>\n\n\n\n<h2 class=\"wp-block-heading has-text-align-center\">Request Products<\/h2>\n\n\n\n<p class=\"has-text-align-center translation-block\">We offer products to supply your operations in a secure and efficient manner. Contact us to learn about available formats, volumes, and supply conditions<\/p>\n\n\n\n<div class=\"wp-block-buttons is-content-justification-center is-layout-flex wp-container-core-buttons-is-layout-a89b3969 wp-block-buttons-is-layout-flex\">\n<div class=\"wp-block-button\"><a class=\"wp-block-button__link has-text-align-center wp-element-button\" href=\"https:\/\/ssgroupsas.com\/en\/contacto\/\">Request Products \u2192<\/a><\/div>\n<\/div>\n\n\n\n<p><\/p>","protected":false},"excerpt":{"rendered":"<p>FIBRAS RECUPERADAS Solicitar productos Disponemos de productos para abastecer su operaci\u00f3n de manera segura y eficiente. Cont\u00e1ctenos para conocer presentaciones, [&hellip;]<\/p>\n","protected":false},"author":1,"featured_media":0,"parent":0,"menu_order":0,"comment_status":"closed","ping_status":"closed","template":"","meta":{"_coblocks_attr":"","_coblocks_dimensions":"","_coblocks_responsive_height":"","_coblocks_accordion_ie_support":"","_uag_custom_page_level_css":"","site-sidebar-layout":"default","site-content-layout":"","ast-site-content-layout":"default","site-content-style":"default","site-sidebar-style":"default","ast-global-header-display":"","ast-banner-title-visibility":"","ast-main-header-display":"","ast-hfb-above-header-display":"","ast-hfb-below-header-display":"","ast-hfb-mobile-header-display":"","site-post-title":"disabled","ast-breadcrumbs-content":"","ast-featured-img":"","footer-sml-layout":"","ast-disable-related-posts":"","theme-transparent-header-meta":"","adv-header-id-meta":"","stick-header-meta":"","header-above-stick-meta":"","header-main-stick-meta":"","header-below-stick-meta":"","astra-migrate-meta-layouts":"default","ast-page-background-enabled":"default","ast-page-background-meta":{"desktop":{"background-color":"var(--ast-global-color-5)","background-image":"","background-repeat":"repeat","background-position":"center center","background-size":"auto","background-attachment":"scroll","background-type":"","background-media":"","overlay-type":"","overlay-color":"","overlay-opacity":"","overlay-gradient":""},"tablet":{"background-color":"","background-image":"","background-repeat":"repeat","background-position":"center center","background-size":"auto","background-attachment":"scroll","background-type":"","background-media":"","overlay-type":"","overlay-color":"","overlay-opacity":"","overlay-gradient":""},"mobile":{"background-color":"","background-image":"","background-repeat":"repeat","background-position":"center center","background-size":"auto","background-attachment":"scroll","background-type":"","background-media":"","overlay-type":"","overlay-color":"","overlay-opacity":"","overlay-gradient":""}},"ast-content-background-meta":{"desktop":{"background-color":"var(--ast-global-color-4)","background-image":"","background-repeat":"repeat","background-position":"center center","background-size":"auto","background-attachment":"scroll","background-type":"","background-media":"","overlay-type":"","overlay-color":"","overlay-opacity":"","overlay-gradient":""},"tablet":{"background-color":"var(--ast-global-color-4)","background-image":"","background-repeat":"repeat","background-position":"center center","background-size":"auto","background-attachment":"scroll","background-type":"","background-media":"","overlay-type":"","overlay-color":"","overlay-opacity":"","overlay-gradient":""},"mobile":{"background-color":"var(--ast-global-color-4)","background-image":"","background-repeat":"repeat","background-position":"center center","background-size":"auto","background-attachment":"scroll","background-type":"","background-media":"","overlay-type":"","overlay-color":"","overlay-opacity":"","overlay-gradient":""}},"footnotes":""},"class_list":["post-316","page","type-page","status-publish","hentry"],"yoast_head":"<!-- This site is optimized with the Yoast SEO plugin v27.5 - https:\/\/yoast.com\/product\/yoast-seo-wordpress\/ -->\n<title>Empresa de comercio internacional de materias primas | S&amp;S Group<\/title>\n<meta name=\"description\" content=\"Somos una empresa de comercio internacional especializada en la comercializaci\u00f3n de materias primas y en la gesti\u00f3n integral de operaciones de importaci\u00f3n y exportaci\u00f3n. Ofrecemos productos confiables y soluciones log\u00edsticas eficientes, acompa\u00f1ando a nuestros clientes en cada etapa del proceso, con estricto cumplimiento normativo y un enfoque t\u00e9cnico que garantiza seguridad, trazabilidad y optimizaci\u00f3n de costos en el comercio exterior.\" \/>\n<meta name=\"robots\" content=\"index, follow, max-snippet:-1, max-image-preview:large, max-video-preview:-1\" \/>\n<link rel=\"canonical\" href=\"https:\/\/ssgroupsas.com\/en\/fibras-recuperadas\/\" \/>\n<meta property=\"og:locale\" content=\"en_US\" \/>\n<meta property=\"og:type\" content=\"article\" \/>\n<meta property=\"og:title\" content=\"Empresa de comercio internacional de materias primas | S&amp;S Group\" \/>\n<meta property=\"og:description\" content=\"Somos una empresa de comercio internacional especializada en la comercializaci\u00f3n de materias primas y en la gesti\u00f3n integral de operaciones de importaci\u00f3n y exportaci\u00f3n. Ofrecemos productos confiables y soluciones log\u00edsticas eficientes, acompa\u00f1ando a nuestros clientes en cada etapa del proceso, con estricto cumplimiento normativo y un enfoque t\u00e9cnico que garantiza seguridad, trazabilidad y optimizaci\u00f3n de costos en el comercio exterior.\" \/>\n<meta property=\"og:url\" content=\"https:\/\/ssgroupsas.com\/en\/fibras-recuperadas\/\" \/>\n<meta property=\"og:site_name\" content=\"S &amp; S GROUP\" \/>\n<meta property=\"article:modified_time\" content=\"2026-01-09T15:47:54+00:00\" \/>\n<meta property=\"og:image\" content=\"https:\/\/ssgroupsas.com\/wp-content\/uploads\/2026\/01\/Fibra-002-2.jpg\" \/>\n\t<meta property=\"og:image:width\" content=\"1024\" \/>\n\t<meta property=\"og:image:height\" content=\"768\" \/>\n\t<meta property=\"og:image:type\" content=\"image\/jpeg\" \/>\n<meta name=\"twitter:card\" content=\"summary_large_image\" \/>\n<meta name=\"twitter:label1\" content=\"Est. reading time\" \/>\n\t<meta name=\"twitter:data1\" content=\"2 minutes\" \/>\n<script type=\"application\/ld+json\" class=\"yoast-schema-graph\">{\"@context\":\"https:\\\/\\\/schema.org\",\"@graph\":[{\"@type\":\"WebPage\",\"@id\":\"https:\\\/\\\/ssgroupsas.com\\\/fibras-recuperadas\\\/\",\"url\":\"https:\\\/\\\/ssgroupsas.com\\\/fibras-recuperadas\\\/\",\"name\":\"Empresa de comercio internacional de materias primas | S&S Group\",\"isPartOf\":{\"@id\":\"https:\\\/\\\/ssgroupsas.com\\\/#website\"},\"primaryImageOfPage\":{\"@id\":\"https:\\\/\\\/ssgroupsas.com\\\/fibras-recuperadas\\\/#primaryimage\"},\"image\":{\"@id\":\"https:\\\/\\\/ssgroupsas.com\\\/fibras-recuperadas\\\/#primaryimage\"},\"thumbnailUrl\":\"https:\\\/\\\/ssgroupsas.com\\\/wp-content\\\/uploads\\\/2026\\\/01\\\/Fibra-002-2.jpg\",\"datePublished\":\"2026-01-07T22:09:16+00:00\",\"dateModified\":\"2026-01-09T15:47:54+00:00\",\"description\":\"Somos una empresa de comercio internacional especializada en la comercializaci\u00f3n de materias primas y en la gesti\u00f3n integral de operaciones de importaci\u00f3n y exportaci\u00f3n. Ofrecemos productos confiables y soluciones log\u00edsticas eficientes, acompa\u00f1ando a nuestros clientes en cada etapa del proceso, con estricto cumplimiento normativo y un enfoque t\u00e9cnico que garantiza seguridad, trazabilidad y optimizaci\u00f3n de costos en el comercio exterior.\",\"breadcrumb\":{\"@id\":\"https:\\\/\\\/ssgroupsas.com\\\/fibras-recuperadas\\\/#breadcrumb\"},\"inLanguage\":\"en-US\",\"potentialAction\":[{\"@type\":\"ReadAction\",\"target\":[\"https:\\\/\\\/ssgroupsas.com\\\/fibras-recuperadas\\\/\"]}]},{\"@type\":\"ImageObject\",\"inLanguage\":\"en-US\",\"@id\":\"https:\\\/\\\/ssgroupsas.com\\\/fibras-recuperadas\\\/#primaryimage\",\"url\":\"https:\\\/\\\/ssgroupsas.com\\\/wp-content\\\/uploads\\\/2026\\\/01\\\/Fibra-002-2.jpg\",\"contentUrl\":\"https:\\\/\\\/ssgroupsas.com\\\/wp-content\\\/uploads\\\/2026\\\/01\\\/Fibra-002-2.jpg\"},{\"@type\":\"BreadcrumbList\",\"@id\":\"https:\\\/\\\/ssgroupsas.com\\\/fibras-recuperadas\\\/#breadcrumb\",\"itemListElement\":[{\"@type\":\"ListItem\",\"position\":1,\"name\":\"Home\",\"item\":\"https:\\\/\\\/ssgroupsas.com\\\/\"},{\"@type\":\"ListItem\",\"position\":2,\"name\":\"Fibras Recuperadas\"}]},{\"@type\":\"WebSite\",\"@id\":\"https:\\\/\\\/ssgroupsas.com\\\/#website\",\"url\":\"https:\\\/\\\/ssgroupsas.com\\\/\",\"name\":\"S & S GROUP\",\"description\":\"\",\"publisher\":{\"@id\":\"https:\\\/\\\/ssgroupsas.com\\\/#organization\"},\"potentialAction\":[{\"@type\":\"SearchAction\",\"target\":{\"@type\":\"EntryPoint\",\"urlTemplate\":\"https:\\\/\\\/ssgroupsas.com\\\/?s={search_term_string}\"},\"query-input\":{\"@type\":\"PropertyValueSpecification\",\"valueRequired\":true,\"valueName\":\"search_term_string\"}}],\"inLanguage\":\"en-US\"},{\"@type\":\"Organization\",\"@id\":\"https:\\\/\\\/ssgroupsas.com\\\/#organization\",\"name\":\"S & S GROUP\",\"url\":\"https:\\\/\\\/ssgroupsas.com\\\/\",\"logo\":{\"@type\":\"ImageObject\",\"inLanguage\":\"en-US\",\"@id\":\"https:\\\/\\\/ssgroupsas.com\\\/#\\\/schema\\\/logo\\\/image\\\/\",\"url\":\"https:\\\/\\\/ssgroupsas.com\\\/wp-content\\\/uploads\\\/2026\\\/01\\\/cropped-Captura-de-pantalla-2026-01-06-a-las-2.16.00-p.m.png\",\"contentUrl\":\"https:\\\/\\\/ssgroupsas.com\\\/wp-content\\\/uploads\\\/2026\\\/01\\\/cropped-Captura-de-pantalla-2026-01-06-a-las-2.16.00-p.m.png\",\"width\":1132,\"height\":1114,\"caption\":\"S & S GROUP\"},\"image\":{\"@id\":\"https:\\\/\\\/ssgroupsas.com\\\/#\\\/schema\\\/logo\\\/image\\\/\"}}]}<\/script>\n<!-- \/ Yoast SEO plugin. -->","yoast_head_json":{"title":"Empresa de comercio internacional de materias primas | S&S Group","description":"Somos una empresa de comercio internacional especializada en la comercializaci\u00f3n de materias primas y en la gesti\u00f3n integral de operaciones de importaci\u00f3n y exportaci\u00f3n. Ofrecemos productos confiables y soluciones log\u00edsticas eficientes, acompa\u00f1ando a nuestros clientes en cada etapa del proceso, con estricto cumplimiento normativo y un enfoque t\u00e9cnico que garantiza seguridad, trazabilidad y optimizaci\u00f3n de costos en el comercio exterior.","robots":{"index":"index","follow":"follow","max-snippet":"max-snippet:-1","max-image-preview":"max-image-preview:large","max-video-preview":"max-video-preview:-1"},"canonical":"https:\/\/ssgroupsas.com\/en\/fibras-recuperadas\/","og_locale":"en_US","og_type":"article","og_title":"Empresa de comercio internacional de materias primas | S&S Group","og_description":"Somos una empresa de comercio internacional especializada en la comercializaci\u00f3n de materias primas y en la gesti\u00f3n integral de operaciones de importaci\u00f3n y exportaci\u00f3n. Ofrecemos productos confiables y soluciones log\u00edsticas eficientes, acompa\u00f1ando a nuestros clientes en cada etapa del proceso, con estricto cumplimiento normativo y un enfoque t\u00e9cnico que garantiza seguridad, trazabilidad y optimizaci\u00f3n de costos en el comercio exterior.","og_url":"https:\/\/ssgroupsas.com\/en\/fibras-recuperadas\/","og_site_name":"S &amp; S GROUP","article_modified_time":"2026-01-09T15:47:54+00:00","og_image":[{"width":1024,"height":768,"url":"https:\/\/ssgroupsas.com\/wp-content\/uploads\/2026\/01\/Fibra-002-2.jpg","type":"image\/jpeg"}],"twitter_card":"summary_large_image","twitter_misc":{"Est. reading time":"2 minutes"},"schema":{"@context":"https:\/\/schema.org","@graph":[{"@type":"WebPage","@id":"https:\/\/ssgroupsas.com\/fibras-recuperadas\/","url":"https:\/\/ssgroupsas.com\/fibras-recuperadas\/","name":"Empresa de comercio internacional de materias primas | S&S Group","isPartOf":{"@id":"https:\/\/ssgroupsas.com\/#website"},"primaryImageOfPage":{"@id":"https:\/\/ssgroupsas.com\/fibras-recuperadas\/#primaryimage"},"image":{"@id":"https:\/\/ssgroupsas.com\/fibras-recuperadas\/#primaryimage"},"thumbnailUrl":"https:\/\/ssgroupsas.com\/wp-content\/uploads\/2026\/01\/Fibra-002-2.jpg","datePublished":"2026-01-07T22:09:16+00:00","dateModified":"2026-01-09T15:47:54+00:00","description":"Somos una empresa de comercio internacional especializada en la comercializaci\u00f3n de materias primas y en la gesti\u00f3n integral de operaciones de importaci\u00f3n y exportaci\u00f3n. Ofrecemos productos confiables y soluciones log\u00edsticas eficientes, acompa\u00f1ando a nuestros clientes en cada etapa del proceso, con estricto cumplimiento normativo y un enfoque t\u00e9cnico que garantiza seguridad, trazabilidad y optimizaci\u00f3n de costos en el comercio exterior.","breadcrumb":{"@id":"https:\/\/ssgroupsas.com\/fibras-recuperadas\/#breadcrumb"},"inLanguage":"en-US","potentialAction":[{"@type":"ReadAction","target":["https:\/\/ssgroupsas.com\/fibras-recuperadas\/"]}]},{"@type":"ImageObject","inLanguage":"en-US","@id":"https:\/\/ssgroupsas.com\/fibras-recuperadas\/#primaryimage","url":"https:\/\/ssgroupsas.com\/wp-content\/uploads\/2026\/01\/Fibra-002-2.jpg","contentUrl":"https:\/\/ssgroupsas.com\/wp-content\/uploads\/2026\/01\/Fibra-002-2.jpg"},{"@type":"BreadcrumbList","@id":"https:\/\/ssgroupsas.com\/fibras-recuperadas\/#breadcrumb","itemListElement":[{"@type":"ListItem","position":1,"name":"Home","item":"https:\/\/ssgroupsas.com\/"},{"@type":"ListItem","position":2,"name":"Fibras Recuperadas"}]},{"@type":"WebSite","@id":"https:\/\/ssgroupsas.com\/#website","url":"https:\/\/ssgroupsas.com\/","name":"S & S GROUP","description":"","publisher":{"@id":"https:\/\/ssgroupsas.com\/#organization"},"potentialAction":[{"@type":"SearchAction","target":{"@type":"EntryPoint","urlTemplate":"https:\/\/ssgroupsas.com\/?s={search_term_string}"},"query-input":{"@type":"PropertyValueSpecification","valueRequired":true,"valueName":"search_term_string"}}],"inLanguage":"en-US"},{"@type":"Organization","@id":"https:\/\/ssgroupsas.com\/#organization","name":"S & S GROUP","url":"https:\/\/ssgroupsas.com\/","logo":{"@type":"ImageObject","inLanguage":"en-US","@id":"https:\/\/ssgroupsas.com\/#\/schema\/logo\/image\/","url":"https:\/\/ssgroupsas.com\/wp-content\/uploads\/2026\/01\/cropped-Captura-de-pantalla-2026-01-06-a-las-2.16.00-p.m.png","contentUrl":"https:\/\/ssgroupsas.com\/wp-content\/uploads\/2026\/01\/cropped-Captura-de-pantalla-2026-01-06-a-las-2.16.00-p.m.png","width":1132,"height":1114,"caption":"S & S GROUP"},"image":{"@id":"https:\/\/ssgroupsas.com\/#\/schema\/logo\/image\/"}}]}},"uagb_featured_image_src":{"full":false,"thumbnail":false,"medium":false,"medium_large":false,"large":false,"1536x1536":false,"2048x2048":false,"trp-custom-language-flag":false},"uagb_author_info":{"display_name":"SSGROUP","author_link":"https:\/\/ssgroupsas.com\/en\/author\/818017pwpadmin\/"},"uagb_comment_info":0,"uagb_excerpt":"FIBRAS RECUPERADAS Solicitar productos Disponemos de productos para abastecer su operaci\u00f3n de manera segura y eficiente. Cont\u00e1ctenos para conocer presentaciones, [&hellip;]","_links":{"self":[{"href":"https:\/\/ssgroupsas.com\/en\/wp-json\/wp\/v2\/pages\/316","targetHints":{"allow":["GET"]}}],"collection":[{"href":"https:\/\/ssgroupsas.com\/en\/wp-json\/wp\/v2\/pages"}],"about":[{"href":"https:\/\/ssgroupsas.com\/en\/wp-json\/wp\/v2\/types\/page"}],"author":[{"embeddable":true,"href":"https:\/\/ssgroupsas.com\/en\/wp-json\/wp\/v2\/users\/1"}],"replies":[{"embeddable":true,"href":"https:\/\/ssgroupsas.com\/en\/wp-json\/wp\/v2\/comments?post=316"}],"version-history":[{"count":13,"href":"https:\/\/ssgroupsas.com\/en\/wp-json\/wp\/v2\/pages\/316\/revisions"}],"predecessor-version":[{"id":474,"href":"https:\/\/ssgroupsas.com\/en\/wp-json\/wp\/v2\/pages\/316\/revisions\/474"}],"wp:attachment":[{"href":"https:\/\/ssgroupsas.com\/en\/wp-json\/wp\/v2\/media?parent=316"}],"curies":[{"name":"wp","href":"https:\/\/api.w.org\/{rel}","templated":true}]}}